{"id":927,"date":"2025-01-12T16:34:00","date_gmt":"2025-01-12T16:34:00","guid":{"rendered":"https:\/\/www.b4legal.ch\/?page_id=927"},"modified":"2025-02-23T12:08:37","modified_gmt":"2025-02-23T12:08:37","slug":"pierre-yves-brandt","status":"publish","type":"page","link":"https:\/\/www.b4legal.ch\/?page_id=927","title":{"rendered":"Pierre-Yves Brandt"},"content":{"rendered":"<div data-colibri-id=\"927-c28\" class=\"style-499 style-local-927-c28 position-relative\">\n  <!---->\n  <div data-colibri-component=\"section\" data-colibri-id=\"927-c29\" id=\"about\" class=\"h-section h-section-global-spacing d-flex align-items-lg-center align-items-md-center align-items-center style-500 style-local-927-c29 position-relative\">\n    <!---->\n    <!---->\n    <div class=\"h-section-grid-container h-section-boxed-container\">\n      <!---->\n      <div data-colibri-id=\"927-c30\" class=\"h-row-container gutters-row-lg-0 gutters-row-md-0 gutters-row-0 gutters-row-v-lg-0 gutters-row-v-md-0 gutters-row-v-0 style-501 style-local-927-c30 position-relative\">\n        <!---->\n        <div class=\"h-row justify-content-lg-center justify-content-md-center justify-content-center align-items-lg-stretch align-items-md-stretch align-items-stretch gutters-col-lg-0 gutters-col-md-0 gutters-col-0 gutters-col-v-lg-0 gutters-col-v-md-0 gutters-col-v-0\">\n          <!---->\n          <div class=\"h-column h-column-container d-flex h-col-lg-auto h-col-md-auto h-col-auto style-502-outer style-local-927-c31-outer\">\n            <div data-colibri-id=\"927-c31\" class=\"d-flex h-flex-basis h-column__inner h-px-lg-0 h-px-md-0 h-px-0 v-inner-lg-0 v-inner-md-0 v-inner-0 style-502 style-local-927-c31 position-relative\">\n              <!---->\n              <!---->\n              <div class=\"w-100 h-y-container h-column__content h-column__v-align flex-basis-100 align-self-lg-start align-self-md-start align-self-start\">\n                <!---->\n                <div data-colibri-id=\"927-c32\" class=\"h-global-transition-all h-heading style-503 style-local-927-c32 position-relative h-element\">\n                  <!---->\n                  <div class=\"h-heading__outer style-503 style-local-927-c32\">\n                    <!---->\n                    <!---->\n                    <h3 class=\"\">Ma\u00eetre\n                      <br>Pierre-Yves Brandt<\/h3>\n                  <\/div>\n                <\/div>\n                <div data-colibri-id=\"927-c33\" class=\"h-text h-text-component style-504 style-local-927-c33 position-relative h-element\">\n                  <!---->\n                  <!---->\n                  <div class=\"\">\n                    <p>Pratique le m\u00e9tier d\u2019avocat \u00e0 titre ind\u00e9pendant dans le Canton de Vaud depuis plus de vingt-quatre ans. Il dispose d\u2019une solide exp\u00e9rience dans le domaine du conseil et dans celui du contentieux. Son activit\u00e9 le conduit \u00e0 conseiller\n                      les personnes physiques, les entreprises et les collectivit\u00e9s publiques.<\/p>\n                  <\/div>\n                <\/div>\n              <\/div>\n            <\/div>\n          <\/div>\n          <div class=\"h-column h-column-container d-flex h-col-lg-auto h-col-md-auto h-col-auto style-505-outer style-local-927-c34-outer\">\n            <div data-colibri-id=\"927-c34\" class=\"d-flex h-flex-basis h-column__inner h-ui-empty-state-container h-px-lg-2 h-px-md-2 h-px-2 v-inner-lg-2 v-inner-md-2 v-inner-2 style-505 style-local-927-c34 position-relative\">\n              <!---->\n              <!---->\n              <div class=\"w-100 h-y-container h-column__content h-column__v-align flex-basis-100\">\n                <!---->\n              <\/div>\n            <\/div>\n          <\/div>\n        <\/div>\n      <\/div>\n    <\/div>\n  <\/div>\n  <div data-colibri-component=\"section\" data-colibri-id=\"927-c35\" id=\"content\" class=\"h-section h-section-global-spacing d-flex align-items-lg-center align-items-md-center align-items-center style-506 style-local-927-c35 h-overflow-hidden position-relative\">\n    <!---->\n    <!---->\n    <div class=\"h-section-grid-container h-section-fluid-container\">\n      <!---->\n      <div data-colibri-id=\"927-c36\" class=\"h-row-container gutters-row-lg-3 gutters-row-md-3 gutters-row-0 gutters-row-v-lg-3 gutters-row-v-md-3 gutters-row-v-3 style-507 style-local-927-c36 position-relative\">\n        <!---->\n        <div class=\"h-row justify-content-lg-center justify-content-md-center justify-content-center align-items-lg-stretch align-items-md-stretch align-items-stretch gutters-col-lg-3 gutters-col-md-3 gutters-col-0 gutters-col-v-lg-3 gutters-col-v-md-3 gutters-col-v-3\">\n          <!---->\n          <div class=\"h-column h-column-container d-flex h-col-lg-12 h-col-md-12 h-col-12 style-508-outer style-local-927-c37-outer\">\n            <div data-colibri-id=\"927-c37\" class=\"d-flex h-flex-basis h-column__inner h-px-lg-3 h-px-md-3 h-px-3 v-inner-lg-3 v-inner-md-3 v-inner-3 style-508 style-local-927-c37 position-relative\">\n              <!---->\n              <!---->\n              <div class=\"w-100 h-y-container h-column__content h-column__v-align flex-basis-100 align-self-lg-start align-self-md-start align-self-start\">\n                <!---->\n                <div data-colibri-component=\"tabs\" data-colibri-id=\"927-c38\" class=\"h-tabs h-tabs-horizontal h-tabs--horizontal--stretch-lg h-tabs--horizontal--stretch-md h-tabs--horizontal--full h-tabs h-tabs-horizontal h-tabs--horizontal--stretch-lg h-tabs--horizontal--stretch-md h-tabs--horizontal--full style-509 style-local-927-c38 position-relative h-element\">\n                  <!---->\n                  <div class=\"h-tabs-navigation d-flex h-tabs-navigation-horizontal\">\n                    <a href=\"#domaines-principaux-d-activites\" class=\"h-tabs-navigation-item d-flex align-items-center h-global-transition h-tabs-navigation-active-item h-custom-active-state\" rel=\"#domaines-principaux-d-activites\">\n                      <!----><span class=\"h-tabs-navigation-item__text\">Domaines principaux d\u2019activit\u00e9s<\/span><\/a>\n                    <a href=\"#experiences-professionnelles\" class=\"h-tabs-navigation-item d-flex align-items-center h-global-transition\" rel=\"#experiences-professionnelles\">\n                      <!----><span class=\"h-tabs-navigation-item__text\">Exp\u00e9riences professionnelles<\/span><\/a>\n                    <a href=\"#formations\" class=\"h-tabs-navigation-item d-flex align-items-center h-global-transition\" rel=\"#formations\">\n                      <!----><span class=\"h-tabs-navigation-item__text\">Formations<\/span><\/a>\n                    <a href=\"#autres-activites\" class=\"h-tabs-navigation-item d-flex align-items-center h-global-transition\" rel=\"#autres-activites\">\n                      <!----><span class=\"h-tabs-navigation-item__text\">Autres activit\u00e9s<\/span><\/a>\n                  <\/div>\n                  <div id=\"domaines-principaux-d-activites\" skip-smooth-scroll=\"true\" skip-scroll-spy=\"true\" data-colibri-id=\"927-c39\" class=\"h-tabs-item-content h-tabs-item h-tabs-content-horizontal h-tabs-content-927-c39 style-510 style-local-927-c39 position-relative h-element h-tabs-content-active\">\n                    <!---->\n                    <div class=\"w-100 h-y-container\">\n                      <!---->\n                      <div data-colibri-id=\"927-c40\" class=\"h-text h-text-component style-511 style-local-927-c40 position-relative h-element\">\n                        <!---->\n                        <!---->\n                        <div class=\"\">\n                          <ul>\n                            <li>Droit de la construction et de l\u2019am\u00e9nagement du territoire<\/li>\n                            <li>Droit des march\u00e9s publics<\/li>\n                            <li>Droit administratif g\u00e9n\u00e9ral<\/li>\n                            <li>Droit de l\u2019immobilier (bail, PPE, droit de voisinage)<\/li>\n                            <li>Droit des contrats<\/li>\n                            <li>Droit civil (famille, divorce, filiation)<\/li>\n                            <li>Droit p\u00e9nal<\/li>\n                          <\/ul>\n                        <\/div>\n                      <\/div>\n                    <\/div>\n                  <\/div>\n                  <div id=\"experiences-professionnelles\" skip-smooth-scroll=\"true\" skip-scroll-spy=\"true\" data-colibri-id=\"927-c41\" class=\"h-tabs-item-content h-tabs-item h-tabs-content-horizontal h-tabs-content-927-c41 style-512 style-local-927-c41 position-relative h-element hide\">\n                    <!---->\n                    <div class=\"w-100 h-y-container\">\n                      <!---->\n                      <div data-colibri-id=\"927-c42\" class=\"h-lead h-text h-text-component style-513 style-local-927-c42 position-relative h-element\">\n                        <!---->\n                        <!---->\n                        <div class=\"\">\n                          <ul>\n                            <li>Vice-pr\u00e9sident, Tribunal des mineurs du Canton de Vaud (2001-2010)<\/li>\n                            <li>Greffier, Tribunal cantonal VD, Cour de droit administratif et public (2001-2005)<\/li>\n                            <li>Stage d\u2019avocat, Etude Anex, Journot, de Gautard &amp; Golaz (1998-2000)<\/li>\n                            <li>Chef de section suppl\u00e9ant, Administration f\u00e9d\u00e9rale (1996-1998)<\/li>\n                            <li>Greffier ad hoc, Tribunaux de districts de Cossonay, Echallens, Morges-Aubonne, (1993-1996)<\/li>\n                          <\/ul>\n                        <\/div>\n                      <\/div>\n                    <\/div>\n                  <\/div>\n                  <div id=\"formations\" skip-smooth-scroll=\"true\" skip-scroll-spy=\"true\" data-colibri-id=\"927-c43\" class=\"h-tabs-item-content h-tabs-item h-tabs-content-horizontal h-tabs-content-927-c43 style-514 style-local-927-c43 position-relative h-element hide\">\n                    <!---->\n                    <div class=\"w-100 h-y-container\">\n                      <!---->\n                      <div data-colibri-id=\"927-c44\" class=\"h-text h-text-component style-515 style-local-927-c44 position-relative h-element\">\n                        <!---->\n                        <!---->\n                        <div class=\"\">\n                          <ul>\n                            <li>Certificate of Advanced Studies HES-SO pour la magistrature p\u00e9nale (CAS MAP), Haute Ecole ARC (2009)<\/li>\n                            <li>Brevet d\u2019avocat (2000)<\/li>\n                            <li>Dipl\u00f4me postgrade en criminologie, Universit\u00e9 de Lausanne (1997)<\/li>\n                            <li>Licence en droit, mention droit suisse, Universit\u00e9 de Lausanne (1993)<\/li>\n                          <\/ul>\n                        <\/div>\n                      <\/div>\n                    <\/div>\n                  <\/div>\n                  <div id=\"autres-activites\" skip-smooth-scroll=\"true\" skip-scroll-spy=\"true\" data-colibri-id=\"927-c45\" class=\"h-tabs-item-content h-tabs-item h-tabs-content-horizontal h-tabs-content-927-c45 style-516 style-local-927-c45 position-relative h-element hide\">\n                    <!---->\n                    <div class=\"w-100 h-y-container\">\n                      <!---->\n                      <div data-colibri-id=\"927-c46\" class=\"h-text h-text-component style-517 style-local-927-c46 position-relative h-element\">\n                        <!---->\n                        <!---->\n                        <div class=\"\">\n                          <ul>\n                            <li>Conseiller municipal, Commune de St-Sulpice VD, en charge du dicast\u00e8re de la police des constructions, de l\u2019am\u00e9nagement du territoire, des routes et de l\u2019\u00e9clairage public (2016-2021)<\/li>\n                            <li>Conseiller communal, puis pr\u00e9sident du Conseil communal de la Commune de St-Sulpice (2011-2016)<\/li>\n                            <li>Juge d\u2019instruction puis auditeur au sein de la Justice militaire (2004-2017)<\/li>\n                            <li>Membre du Conseil de la Fondation Louis-Boissonnet \u00e0 Lausanne (depuis 2009)<\/li>\n                          <\/ul>\n                        <\/div>\n                      <\/div>\n                    <\/div>\n                  <\/div>\n                <\/div>\n                <div data-colibri-id=\"927-c47\" class=\"style-518 style-local-927-c47 position-relative h-element\">\n                  <!---->\n                <\/div>\n              <\/div>\n            <\/div>\n          <\/div>\n        <\/div>\n      <\/div>\n      <div data-colibri-id=\"927-c48\" class=\"h-row-container gutters-row-lg-2 gutters-row-md-2 gutters-row-0 gutters-row-v-lg-2 gutters-row-v-md-2 gutters-row-v-2 style-519 style-local-927-c48 position-relative\">\n        <!---->\n        <div class=\"h-row justify-content-lg-center justify-content-md-center justify-content-center align-items-lg-stretch align-items-md-stretch align-items-stretch gutters-col-lg-2 gutters-col-md-2 gutters-col-0 gutters-col-v-lg-2 gutters-col-v-md-2 gutters-col-v-2\">\n          <!---->\n          <div class=\"h-column h-column-container d-flex h-col-lg-auto h-col-md-auto h-col-auto style-520-outer style-local-927-c49-outer\">\n            <div data-colibri-id=\"927-c49\" class=\"d-flex h-flex-basis h-column__inner h-px-lg-2 h-px-md-2 h-px-2 v-inner-lg-2 v-inner-md-2 v-inner-2 style-520 style-local-927-c49 position-relative\">\n              <!---->\n              <!---->\n              <div class=\"w-100 h-y-container h-column__content h-column__v-align flex-basis-100 align-self-lg-start align-self-md-start align-self-start\">\n                <!---->\n                <div data-colibri-id=\"927-c50\" class=\"h-global-transition-all h-heading style-521 style-local-927-c50 position-relative h-element\">\n                  <!---->\n                  <div class=\"h-heading__outer style-521 style-local-927-c50\">\n                    <!---->\n                    <!---->\n                    <h2 class=\"\"><strong style=\"font-size: 62%; font-weight: 700;\">contact<\/strong>&nbsp;<\/h2>\n                  <\/div>\n                <\/div>\n              <\/div>\n            <\/div>\n          <\/div>\n        <\/div>\n      <\/div>\n      <div data-colibri-id=\"927-c51\" class=\"h-row-container gutters-row-lg-1 gutters-row-md-1 gutters-row-0 gutters-row-v-lg-1 gutters-row-v-md-1 gutters-row-v-1 style-522 style-local-927-c51 position-relative\">\n        <!---->\n        <div class=\"h-row justify-content-lg-center justify-content-md-center justify-content-center align-items-lg-stretch align-items-md-stretch align-items-stretch gutters-col-lg-1 gutters-col-md-1 gutters-col-0 gutters-col-v-lg-1 gutters-col-v-md-1 gutters-col-v-1\">\n          <!---->\n          <div class=\"h-column h-column-container d-flex h-col-lg-6 h-col-md-6 h-col-12 style-523-outer style-local-927-c52-outer\">\n            <div data-colibri-id=\"927-c52\" class=\"d-flex h-flex-basis h-column__inner h-px-lg-1 h-px-md-1 h-px-1 v-inner-lg-1 v-inner-md-1 v-inner-1 style-523 style-local-927-c52 position-relative\">\n              <!---->\n              <!---->\n              <div class=\"w-100 h-y-container h-column__content h-column__v-align flex-basis-100 align-self-lg-start align-self-md-start align-self-start\">\n                <!---->\n                <div data-colibri-id=\"927-c53\" class=\"h-contact-form__outer--forminator style-524 style-local-927-c53 position-relative h-element\">\n                  <!---->\n                  <div class=\"h-global-transition-all h-global-transition h-global-transition-all h-contact-form-shortcode\"><div class=\"forminator-ui forminator-custom-form forminator-custom-form-234 forminator-design--bold  forminator_ajax\" data-forminator-render=\"0\" data-form=\"forminator-module-234\" data-uid=\"6a03242a39162\"><br\/><\/div><form\n\t\t\t\tid=\"forminator-module-234\"\n\t\t\t\tclass=\"forminator-ui forminator-custom-form forminator-custom-form-234 forminator-design--bold  forminator_ajax\"\n\t\t\t\tmethod=\"post\"\n\t\t\t\tdata-forminator-render=\"0\"\n\t\t\t\tdata-form-id=\"234\"\n\t\t\t\t\n\t\t\t\tdata-design=\"bold\"\n\t\t\t\t\n\t\t\t\t\n\t\t\t\t\n\t\t\t\tdata-grid=\"open\"\n\t\t\t\t\n\t\t\t\t\n\t\t\t\tstyle=\"display: none;\"\n\t\t\t\t\n\t\t\t\tdata-uid=\"6a03242a39162\"\n\t\t\t><div role=\"alert\" aria-live=\"polite\" class=\"forminator-response-message forminator-error\" aria-hidden=\"true\"><\/div><div class=\"forminator-row\"><div id=\"name-1\" class=\"forminator-field-name forminator-col forminator-col-6 \"><div class=\"forminator-field\"><label for=\"forminator-field-name-1_6a03242a39162\" id=\"forminator-field-name-1_6a03242a39162-label\" class=\"forminator-label\">Pr\u00e9nom <span class=\"forminator-required\">*<\/span><\/label><input type=\"text\" name=\"name-1\" value=\"\" placeholder=\"Par exemple\u00a0: Jean\" id=\"forminator-field-name-1_6a03242a39162\" class=\"forminator-input forminator-name--field\" aria-required=\"true\" \/><\/div><\/div><div id=\"name-2\" class=\"forminator-field-name forminator-col forminator-col-6 \"><div class=\"forminator-field\"><label for=\"forminator-field-name-2_6a03242a39162\" id=\"forminator-field-name-2_6a03242a39162-label\" class=\"forminator-label\">Nom <span class=\"forminator-required\">*<\/span><\/label><input type=\"text\" name=\"name-2\" value=\"\" placeholder=\"Par exemple\u00a0: Dupont\" id=\"forminator-field-name-2_6a03242a39162\" class=\"forminator-input forminator-name--field\" aria-required=\"true\" \/><\/div><\/div><\/div><div class=\"forminator-row\"><div id=\"email-1\" class=\"forminator-field-email forminator-col forminator-col-12 \"><div class=\"forminator-field\"><label for=\"forminator-field-email-1_6a03242a39162\" id=\"forminator-field-email-1_6a03242a39162-label\" class=\"forminator-label\">Adresse de messagerie <span class=\"forminator-required\">*<\/span><\/label><input type=\"email\" name=\"email-1\" value=\"\" placeholder=\"Saisissez votre email\" id=\"forminator-field-email-1_6a03242a39162\" class=\"forminator-input forminator-email--field\" data-required=\"true\" aria-required=\"true\" \/><\/div><\/div><\/div><div class=\"forminator-row\"><div id=\"phone-1\" class=\"forminator-field-phone forminator-col forminator-col-12 \"><div class=\"forminator-field\"><label for=\"forminator-field-phone-1_6a03242a39162\" id=\"forminator-field-phone-1_6a03242a39162-label\" class=\"forminator-label\">Num\u00e9ro de t\u00e9l\u00e9phone <span class=\"forminator-required\">*<\/span><\/label><input type=\"text\" name=\"phone-1\" value=\"\" placeholder=\"Par exemple\u00a0: +41 XX XXX XX XX\" id=\"forminator-field-phone-1_6a03242a39162\" class=\"forminator-input forminator-field--phone\" data-required=\"1\" aria-required=\"true\" autocomplete=\"off\" \/><\/div><\/div><\/div><div class=\"forminator-row\"><div id=\"textarea-1\" class=\"forminator-field-textarea forminator-col forminator-col-12 \"><div class=\"forminator-field\"><label for=\"forminator-field-textarea-1_6a03242a39162\" id=\"forminator-field-textarea-1_6a03242a39162-label\" class=\"forminator-label\">Message <span class=\"forminator-required\">*<\/span><\/label><textarea name=\"textarea-1\" placeholder=\"Saisissez votre message\u2026\" id=\"forminator-field-textarea-1_6a03242a39162\" class=\"forminator-textarea\" rows=\"6\" style=\"min-height:140px;\" maxlength=\"180\" ><\/textarea><span id=\"forminator-field-textarea-1_6a03242a39162-description\" class=\"forminator-description\"><span data-limit=\"180\" data-type=\"characters\" data-editor=\"\">0 \/ 180<\/span><\/span><\/div><\/div><\/div><div class=\"forminator-row\"><div id=\"captcha-1\" class=\"forminator-field-captcha forminator-col forminator-col-12 \"><div class=\"forminator-captcha-left forminator-g-recaptcha recaptcha-invisible\" data-theme=\"light\" data-badge=\"bottomleft\" data-sitekey=\"6LfKUFMgAAAAAD7X_R9ccPKm_XdLeB7jDWJcewOv\" data-size=\"invisible\"><\/div> <\/div><\/div><input type=\"hidden\" name=\"referer_url\" value=\"\" \/><div class=\"forminator-row forminator-row-last\"><div class=\"forminator-col\"><div class=\"forminator-field\"><button class=\"forminator-button forminator-button-submit\">Envoyer le message<\/button><\/div><\/div><\/div><input type=\"hidden\" id=\"forminator_nonce\" name=\"forminator_nonce\" value=\"6dbc10a5a5\" \/><input type=\"hidden\" name=\"_wp_http_referer\" value=\"\/index.php?rest_route=%2Fwp%2Fv2%2Fpages%2F927\" \/><input type=\"hidden\" name=\"form_id\" value=\"234\"><input type=\"hidden\" name=\"page_id\" value=\"927\"><input type=\"hidden\" name=\"form_type\" value=\"default\"><input type=\"hidden\" name=\"current_url\" value=\"https:\/\/www.b4legal.ch\/?page_id=927\"><input type=\"hidden\" name=\"render_id\" value=\"0\"><input type=\"hidden\" name=\"action\" value=\"forminator_submit_form_custom-forms\"><\/form><\/div>\n                <\/div>\n              <\/div>\n            <\/div>\n          <\/div>\n        <\/div>\n      <\/div>\n    <\/div>\n  <\/div>\n<\/div>","protected":false},"excerpt":{"rendered":"<p>Ma\u00eetre Pierre-Yves Brandt Pratique le m\u00e9tier d\u2019avocat \u00e0 titre ind\u00e9pendant dans le Canton de Vaud depuis plus de vingt-quatre ans. Il dispose d\u2019une solide exp\u00e9rience dans le domaine du conseil et dans celui du contentieux. Son activit\u00e9 le conduit \u00e0 conseiller les personnes physiques, les entreprises et les collectivit\u00e9s publiques. Domaines principaux d\u2019activit\u00e9s Exp\u00e9riences professionnelles [&hellip;]<\/p>\n","protected":false},"author":1,"featured_media":0,"parent":0,"menu_order":0,"comment_status":"closed","ping_status":"closed","template":"page-templates\/full-width-page.php","meta":{"footnotes":""},"class_list":["post-927","page","type-page","status-publish","hentry"],"_links":{"self":[{"href":"https:\/\/www.b4legal.ch\/index.php?rest_route=\/wp\/v2\/pages\/927","targetHints":{"allow":["GET"]}}],"collection":[{"href":"https:\/\/www.b4legal.ch\/index.php?rest_route=\/wp\/v2\/pages"}],"about":[{"href":"https:\/\/www.b4legal.ch\/index.php?rest_route=\/wp\/v2\/types\/page"}],"author":[{"embeddable":true,"href":"https:\/\/www.b4legal.ch\/index.php?rest_route=\/wp\/v2\/users\/1"}],"replies":[{"embeddable":true,"href":"https:\/\/www.b4legal.ch\/index.php?rest_route=%2Fwp%2Fv2%2Fcomments&post=927"}],"version-history":[{"count":6,"href":"https:\/\/www.b4legal.ch\/index.php?rest_route=\/wp\/v2\/pages\/927\/revisions"}],"predecessor-version":[{"id":1046,"href":"https:\/\/www.b4legal.ch\/index.php?rest_route=\/wp\/v2\/pages\/927\/revisions\/1046"}],"wp:attachment":[{"href":"https:\/\/www.b4legal.ch\/index.php?rest_route=%2Fwp%2Fv2%2Fmedia&parent=927"}],"curies":[{"name":"wp","href":"https:\/\/api.w.org\/{rel}","templated":true}]}}