{"id":539,"date":"2025-01-05T15:26:28","date_gmt":"2025-01-05T15:26:28","guid":{"rendered":"https:\/\/www.b4legal.ch\/?page_id=539"},"modified":"2025-01-12T17:01:44","modified_gmt":"2025-01-12T17:01:44","slug":"anne-rebecca-bula","status":"publish","type":"page","link":"https:\/\/www.b4legal.ch\/?page_id=539","title":{"rendered":"Anne-Rebecca Bula"},"content":{"rendered":"<div data-colibri-id=\"539-c1\" class=\"style-469 style-local-539-c1 position-relative\">\n  <!---->\n  <div data-colibri-component=\"section\" data-colibri-id=\"539-c2\" id=\"about\" class=\"h-section h-section-global-spacing d-flex align-items-lg-center align-items-md-center align-items-center style-470 style-local-539-c2 position-relative\">\n    <!---->\n    <!---->\n    <div class=\"h-section-grid-container h-section-boxed-container\">\n      <!---->\n      <div data-colibri-id=\"539-c3\" class=\"h-row-container gutters-row-lg-0 gutters-row-md-0 gutters-row-0 gutters-row-v-lg-0 gutters-row-v-md-0 gutters-row-v-0 style-471 style-local-539-c3 position-relative\">\n        <!---->\n        <div class=\"h-row justify-content-lg-center justify-content-md-center justify-content-center align-items-lg-stretch align-items-md-stretch align-items-stretch gutters-col-lg-0 gutters-col-md-0 gutters-col-0 gutters-col-v-lg-0 gutters-col-v-md-0 gutters-col-v-0\">\n          <!---->\n          <div class=\"h-column h-column-container d-flex h-col-lg-auto h-col-md-auto h-col-auto style-472-outer style-local-539-c4-outer\">\n            <div data-colibri-id=\"539-c4\" class=\"d-flex h-flex-basis h-column__inner h-px-lg-0 h-px-md-0 h-px-0 v-inner-lg-0 v-inner-md-0 v-inner-0 style-472 style-local-539-c4 position-relative\">\n              <!---->\n              <!---->\n              <div class=\"w-100 h-y-container h-column__content h-column__v-align flex-basis-100 align-self-lg-start align-self-md-start align-self-start\">\n                <!---->\n                <div data-colibri-id=\"539-c5\" class=\"h-global-transition-all h-heading style-473 style-local-539-c5 position-relative h-element\">\n                  <!---->\n                  <div class=\"h-heading__outer style-473 style-local-539-c5\">\n                    <!---->\n                    <!---->\n                    <h3 class=\"\">Ma\u00eetre\n                      <br>Anne-Rebecca Bula<\/h3>\n                  <\/div>\n                <\/div>\n                <div data-colibri-id=\"539-c6\" class=\"h-text h-text-component style-474 style-local-539-c6 position-relative h-element\">\n                  <!---->\n                  <!---->\n                  <div class=\"\">\n                    <p>Pratique le m\u00e9tier d\u2019avocat depuis plus de dix huit ans dans les domaines du conseil et du contentieux\/judiciaire que ce soit pour les personnes physiques, les entreprises et les collectivit\u00e9s publiques.<\/p>\n                  <\/div>\n                <\/div>\n              <\/div>\n            <\/div>\n          <\/div>\n          <div class=\"h-column h-column-container d-flex h-col-lg-auto h-col-md-auto h-col-auto style-475-outer style-local-539-c7-outer\">\n            <div data-colibri-id=\"539-c7\" class=\"d-flex h-flex-basis h-column__inner h-ui-empty-state-container h-px-lg-2 h-px-md-2 h-px-2 v-inner-lg-2 v-inner-md-2 v-inner-2 style-475 style-local-539-c7 position-relative\">\n              <!---->\n              <!---->\n              <div class=\"w-100 h-y-container h-column__content h-column__v-align flex-basis-100\">\n                <!---->\n              <\/div>\n            <\/div>\n          <\/div>\n        <\/div>\n      <\/div>\n    <\/div>\n  <\/div>\n  <div data-colibri-component=\"section\" data-colibri-id=\"539-c8\" id=\"content\" class=\"h-section h-section-global-spacing d-flex align-items-lg-center align-items-md-center align-items-center style-476 style-local-539-c8 h-overflow-hidden position-relative\">\n    <!---->\n    <!---->\n    <div class=\"h-section-grid-container h-section-fluid-container\">\n      <!---->\n      <div data-colibri-id=\"539-c9\" class=\"h-row-container gutters-row-lg-2 gutters-row-md-2 gutters-row-0 gutters-row-v-lg-2 gutters-row-v-md-2 gutters-row-v-2 style-477 style-local-539-c9 position-relative\">\n        <!---->\n        <div class=\"h-row justify-content-lg-center justify-content-md-center justify-content-center align-items-lg-stretch align-items-md-stretch align-items-stretch gutters-col-lg-2 gutters-col-md-2 gutters-col-0 gutters-col-v-lg-2 gutters-col-v-md-2 gutters-col-v-2\">\n          <!---->\n          <div class=\"h-column h-column-container d-flex h-col-lg-12 h-col-md-12 h-col-12 style-478-outer style-local-539-c10-outer\">\n            <div data-colibri-id=\"539-c10\" class=\"d-flex h-flex-basis h-column__inner h-px-lg-2 h-px-md-2 h-px-2 v-inner-lg-2 v-inner-md-2 v-inner-2 style-478 style-local-539-c10 position-relative\">\n              <!---->\n              <!---->\n              <div class=\"w-100 h-y-container h-column__content h-column__v-align flex-basis-100 align-self-lg-start align-self-md-start align-self-start\">\n                <!---->\n                <div data-colibri-component=\"tabs\" data-colibri-id=\"539-c11\" class=\"h-tabs h-tabs-horizontal h-tabs--horizontal--stretch-lg h-tabs--horizontal--stretch-md h-tabs--horizontal--full h-tabs h-tabs-horizontal h-tabs--horizontal--stretch-lg h-tabs--horizontal--stretch-md h-tabs--horizontal--full style-479 style-local-539-c11 position-relative h-element\">\n                  <!---->\n                  <div class=\"h-tabs-navigation d-flex h-tabs-navigation-horizontal\">\n                    <a href=\"#domaines-principaux-d-activites\" class=\"h-tabs-navigation-item d-flex align-items-center h-global-transition h-tabs-navigation-active-item h-custom-active-state\" rel=\"#domaines-principaux-d-activites\">\n                      <!----><span class=\"h-tabs-navigation-item__text\">Domaines principaux d\u2019activit\u00e9s<\/span><\/a>\n                    <a href=\"#experiences-professionnelles\" class=\"h-tabs-navigation-item d-flex align-items-center h-global-transition\" rel=\"#experiences-professionnelles\">\n                      <!----><span class=\"h-tabs-navigation-item__text\">Exp\u00e9riences professionnelles<\/span><\/a>\n                    <a href=\"#formations\" class=\"h-tabs-navigation-item d-flex align-items-center h-global-transition\" rel=\"#formations\">\n                      <!----><span class=\"h-tabs-navigation-item__text\">Formations<\/span><\/a>\n                    <a href=\"#publication\" class=\"h-tabs-navigation-item d-flex align-items-center h-global-transition\" rel=\"#publication\">\n                      <!----><span class=\"h-tabs-navigation-item__text\">Publication<\/span><\/a>\n                  <\/div>\n                  <div id=\"domaines-principaux-d-activites\" skip-smooth-scroll=\"true\" skip-scroll-spy=\"true\" data-colibri-id=\"539-c12\" class=\"h-tabs-item-content h-tabs-item h-tabs-content-horizontal h-tabs-content-539-c12 style-480 style-local-539-c12 position-relative h-element h-tabs-content-active\">\n                    <!---->\n                    <div class=\"w-100 h-y-container\">\n                      <!---->\n                      <div data-colibri-id=\"539-c13\" class=\"h-text h-text-component style-481 style-local-539-c13 position-relative h-element\">\n                        <!---->\n                        <!---->\n                        <div class=\"\">\n                          <ul>\n                            <li>Droit des contrats, y compris droit du bail \u00e0 ferme agricole<\/li>\n                            <li>Droit foncier et rural<\/li>\n                            <li>Droit de la construction et de l\u2019am\u00e9nagement du territoire<\/li>\n                            <li>Droit de la famille, y compris droit de la protection de l\u2019adulte et de l\u2019enfant<\/li>\n                            <li>Droit administratif g\u00e9n\u00e9ral<\/li>\n                            <li>Droit p\u00e9nal<\/li>\n                          <\/ul>\n                          <p>\n                            <br>\n                          <\/p>\n                        <\/div>\n                      <\/div>\n                    <\/div>\n                  <\/div>\n                  <div id=\"experiences-professionnelles\" skip-smooth-scroll=\"true\" skip-scroll-spy=\"true\" data-colibri-id=\"539-c14\" class=\"h-tabs-item-content h-tabs-item h-tabs-content-horizontal h-tabs-content-539-c14 style-482 style-local-539-c14 position-relative h-element hide\">\n                    <!---->\n                    <div class=\"w-100 h-y-container\">\n                      <!---->\n                      <div data-colibri-id=\"539-c15\" class=\"h-lead h-text h-text-component style-483 style-local-539-c15 position-relative h-element\">\n                        <!---->\n                        <!---->\n                        <div class=\"\">\n                          <ul>\n                            <li>Cours de formation (aspects l\u00e9gaux r\u00e9gissant le non-transport des patients) dispens\u00e9s aupr\u00e8s d\u2019une Ecole Sup\u00e9rieure d\u2019Ambulancier, depuis 2020<\/li>\n                            <li>Secr\u00e9taire-juriste aupr\u00e8s de la Commission d\u2019affermage du canton de Vaud, de 2008 jusqu\u2019en janvier 2023<\/li>\n                            <li>Avocate-stagiaire en l\u2019Etude de Ma\u00eetres Jean Anex, Philippe-Edouard Journot, Pierre-Yves Brandt et Laurent Schuler, 2004-2006&nbsp;;<\/li>\n                            <li>Greffi\u00e8re r\u00e9dactrice aupr\u00e8s de diff\u00e9rents Tribunaux d\u2019arrondissement du canton de Vaud, au sein du Tribunal des mineurs, de la Cour civile et de la Cour de droit administratif et public du Tribunal cantonal du canton de Vaud,\n                              jusqu\u2019en 2006&nbsp;;<\/li>\n                            <li>Assistante acad\u00e9mique puis charg\u00e9e de cours de droit aupr\u00e8s de l\u2019Ecole H\u00f4teli\u00e8re de Lausanne, jusqu\u2019en 2001.<\/li>\n                          <\/ul>\n                          <p>\n                            <br>\n                          <\/p>\n                        <\/div>\n                      <\/div>\n                    <\/div>\n                  <\/div>\n                  <div id=\"formations\" skip-smooth-scroll=\"true\" skip-scroll-spy=\"true\" data-colibri-id=\"539-c16\" class=\"h-tabs-item-content h-tabs-item h-tabs-content-horizontal h-tabs-content-539-c16 style-484 style-local-539-c16 position-relative h-element hide\">\n                    <!---->\n                    <div class=\"w-100 h-y-container\">\n                      <!---->\n                      <div data-colibri-id=\"539-c17\" class=\"h-text h-text-component style-485 style-local-539-c17 position-relative h-element\">\n                        <!---->\n                        <!---->\n                        <div class=\"\">\n                          <ul>\n                            <li>Brevet d\u2019avocat (2006)&nbsp;;<\/li>\n                            <li>Licence en droit avec th\u00e8se, Universit\u00e9 de Lausanne, 2003 (Prix de la Facult\u00e9 de droit).<\/li>\n                          <\/ul>\n                        <\/div>\n                      <\/div>\n                    <\/div>\n                  <\/div>\n                  <div id=\"publication\" skip-smooth-scroll=\"true\" skip-scroll-spy=\"true\" data-colibri-id=\"539-c18\" class=\"h-tabs-item-content h-tabs-item h-tabs-content-horizontal h-tabs-content-539-c18 style-486 style-local-539-c18 position-relative h-element hide\">\n                    <!---->\n                    <div class=\"w-100 h-y-container\">\n                      <!---->\n                      <div data-colibri-id=\"539-c19\" class=\"h-text h-text-component style-487 style-local-539-c19 position-relative h-element\">\n                        <!---->\n                        <!---->\n                        <div class=\"\">\n                          <ul>\n                            <li>La situation du cr\u00e9ancier-gagiste ant\u00e9rieur confront\u00e9 \u00e0 un bail d\u00e9pr\u00e9ciatif, th\u00e8se Lausanne 2003.<\/li>\n                          <\/ul>\n                        <\/div>\n                      <\/div>\n                    <\/div>\n                  <\/div>\n                <\/div>\n                <div data-colibri-id=\"539-c20\" class=\"style-488 style-local-539-c20 position-relative h-element\">\n                  <!---->\n                <\/div>\n              <\/div>\n            <\/div>\n          <\/div>\n        <\/div>\n      <\/div>\n      <div data-colibri-id=\"539-c21\" class=\"h-row-container gutters-row-lg-2 gutters-row-md-2 gutters-row-0 gutters-row-v-lg-2 gutters-row-v-md-2 gutters-row-v-2 style-489 style-local-539-c21 position-relative\">\n        <!---->\n        <div class=\"h-row justify-content-lg-center justify-content-md-center justify-content-center align-items-lg-stretch align-items-md-stretch align-items-stretch gutters-col-lg-2 gutters-col-md-2 gutters-col-0 gutters-col-v-lg-2 gutters-col-v-md-2 gutters-col-v-2\">\n          <!---->\n          <div class=\"h-column h-column-container d-flex h-col-lg-auto h-col-md-auto h-col-auto style-490-outer style-local-539-c22-outer\">\n            <div data-colibri-id=\"539-c22\" class=\"d-flex h-flex-basis h-column__inner h-px-lg-2 h-px-md-2 h-px-2 v-inner-lg-2 v-inner-md-2 v-inner-2 style-490 style-local-539-c22 position-relative\">\n              <!---->\n              <!---->\n              <div class=\"w-100 h-y-container h-column__content h-column__v-align flex-basis-100 align-self-lg-start align-self-md-start align-self-start\">\n                <!---->\n                <div data-colibri-id=\"539-c23\" class=\"h-global-transition-all h-heading style-491 style-local-539-c23 position-relative h-element\">\n                  <!---->\n                  <div class=\"h-heading__outer style-491 style-local-539-c23\">\n                    <!---->\n                    <!---->\n                    <h2 class=\"\"><strong style=\"font-size: 62%; font-weight: 700;\">contact<\/strong>&nbsp;<\/h2>\n                  <\/div>\n                <\/div>\n              <\/div>\n            <\/div>\n          <\/div>\n        <\/div>\n      <\/div>\n      <div data-colibri-id=\"539-c24\" class=\"h-row-container gutters-row-lg-1 gutters-row-md-1 gutters-row-0 gutters-row-v-lg-1 gutters-row-v-md-1 gutters-row-v-1 style-492 style-local-539-c24 position-relative\">\n        <!---->\n        <div class=\"h-row justify-content-lg-center justify-content-md-center justify-content-center align-items-lg-stretch align-items-md-stretch align-items-stretch gutters-col-lg-1 gutters-col-md-1 gutters-col-0 gutters-col-v-lg-1 gutters-col-v-md-1 gutters-col-v-1\">\n          <!---->\n          <div class=\"h-column h-column-container d-flex h-col-lg-6 h-col-md-6 h-col-12 style-493-outer style-local-539-c25-outer\">\n            <div data-colibri-id=\"539-c25\" class=\"d-flex h-flex-basis h-column__inner h-px-lg-1 h-px-md-1 h-px-1 v-inner-lg-1 v-inner-md-1 v-inner-1 style-493 style-local-539-c25 position-relative\">\n              <!---->\n              <!---->\n              <div class=\"w-100 h-y-container h-column__content h-column__v-align flex-basis-100 align-self-lg-start align-self-md-start align-self-start\">\n                <!---->\n                <div data-colibri-id=\"539-c26\" class=\"h-contact-form__outer--forminator style-494 style-local-539-c26 position-relative h-element\">\n                  <!---->\n                  <div class=\"h-global-transition-all h-global-transition h-global-transition-all h-contact-form-shortcode\"><div class=\"forminator-ui forminator-custom-form forminator-custom-form-637 forminator-design--bold  forminator_ajax\" data-forminator-render=\"0\" data-form=\"forminator-module-637\" data-uid=\"6a0323cad887f\"><br\/><\/div><form\n\t\t\t\tid=\"forminator-module-637\"\n\t\t\t\tclass=\"forminator-ui forminator-custom-form forminator-custom-form-637 forminator-design--bold  forminator_ajax\"\n\t\t\t\tmethod=\"post\"\n\t\t\t\tdata-forminator-render=\"0\"\n\t\t\t\tdata-form-id=\"637\"\n\t\t\t\t\n\t\t\t\tdata-design=\"bold\"\n\t\t\t\t\n\t\t\t\t\n\t\t\t\t\n\t\t\t\tdata-grid=\"open\"\n\t\t\t\t\n\t\t\t\t\n\t\t\t\tstyle=\"display: none;\"\n\t\t\t\t\n\t\t\t\tdata-uid=\"6a0323cad887f\"\n\t\t\t><div role=\"alert\" aria-live=\"polite\" class=\"forminator-response-message forminator-error\" aria-hidden=\"true\"><\/div><div class=\"forminator-row\"><div id=\"name-1\" class=\"forminator-field-name forminator-col forminator-col-6 \"><div class=\"forminator-field\"><label for=\"forminator-field-name-1_6a0323cad887f\" id=\"forminator-field-name-1_6a0323cad887f-label\" class=\"forminator-label\">Pr\u00e9nom <span class=\"forminator-required\">*<\/span><\/label><input type=\"text\" name=\"name-1\" value=\"\" placeholder=\"Par exemple\u00a0: Jean\" id=\"forminator-field-name-1_6a0323cad887f\" class=\"forminator-input forminator-name--field\" aria-required=\"true\" \/><\/div><\/div><div id=\"name-2\" class=\"forminator-field-name forminator-col forminator-col-6 \"><div class=\"forminator-field\"><label for=\"forminator-field-name-2_6a0323cad887f\" id=\"forminator-field-name-2_6a0323cad887f-label\" class=\"forminator-label\">Nom<\/label><input type=\"text\" name=\"name-2\" value=\"\" placeholder=\"Par exemple\u00a0: Dupont\" id=\"forminator-field-name-2_6a0323cad887f\" class=\"forminator-input forminator-name--field\" aria-required=\"false\" \/><\/div><\/div><\/div><div class=\"forminator-row\"><div id=\"email-1\" class=\"forminator-field-email forminator-col forminator-col-12 \"><div class=\"forminator-field\"><label for=\"forminator-field-email-1_6a0323cad887f\" id=\"forminator-field-email-1_6a0323cad887f-label\" class=\"forminator-label\">Adresse de messagerie <span class=\"forminator-required\">*<\/span><\/label><input type=\"email\" name=\"email-1\" value=\"\" placeholder=\"Saisissez votre email\" id=\"forminator-field-email-1_6a0323cad887f\" class=\"forminator-input forminator-email--field\" data-required=\"true\" aria-required=\"true\" \/><\/div><\/div><\/div><div class=\"forminator-row\"><div id=\"phone-1\" class=\"forminator-field-phone forminator-col forminator-col-12 \"><div class=\"forminator-field\"><label for=\"forminator-field-phone-1_6a0323cad887f\" id=\"forminator-field-phone-1_6a0323cad887f-label\" class=\"forminator-label\">Num\u00e9ro de t\u00e9l\u00e9phone<\/label><input type=\"text\" name=\"phone-1\" value=\"\" placeholder=\"Par exemple\u00a0: +41 XX XXX XX XX\" id=\"forminator-field-phone-1_6a0323cad887f\" class=\"forminator-input forminator-field--phone\" data-required=\"\" aria-required=\"false\" autocomplete=\"off\" \/><\/div><\/div><\/div><div class=\"forminator-row\"><div id=\"textarea-1\" class=\"forminator-field-textarea forminator-col forminator-col-12 \"><div class=\"forminator-field\"><label for=\"forminator-field-textarea-1_6a0323cad887f\" id=\"forminator-field-textarea-1_6a0323cad887f-label\" class=\"forminator-label\">Message<\/label><textarea name=\"textarea-1\" placeholder=\"Saisissez votre message\u2026\" id=\"forminator-field-textarea-1_6a0323cad887f\" class=\"forminator-textarea\" rows=\"6\" style=\"min-height:140px;\" maxlength=\"180\" ><\/textarea><span id=\"forminator-field-textarea-1_6a0323cad887f-description\" class=\"forminator-description\"><span data-limit=\"180\" data-type=\"characters\" data-editor=\"\">0 \/ 180<\/span><\/span><\/div><\/div><\/div><div class=\"forminator-row\"><div id=\"captcha-1\" class=\"forminator-field-captcha forminator-col forminator-col-12 \"><div class=\"forminator-captcha-left forminator-g-recaptcha recaptcha-invisible\" data-theme=\"light\" data-badge=\"bottomright\" data-sitekey=\"6LfKUFMgAAAAAD7X_R9ccPKm_XdLeB7jDWJcewOv\" data-size=\"invisible\"><\/div> <\/div><\/div><input type=\"hidden\" name=\"referer_url\" value=\"\" \/><div class=\"forminator-row forminator-row-last\"><div class=\"forminator-col\"><div class=\"forminator-field\"><button class=\"forminator-button forminator-button-submit\">Envoyer le message<\/button><\/div><\/div><\/div><input type=\"hidden\" id=\"forminator_nonce\" name=\"forminator_nonce\" value=\"373bccd7e0\" \/><input type=\"hidden\" name=\"_wp_http_referer\" value=\"\/index.php?rest_route=%2Fwp%2Fv2%2Fpages%2F539\" \/><input type=\"hidden\" name=\"form_id\" value=\"637\"><input type=\"hidden\" name=\"page_id\" value=\"539\"><input type=\"hidden\" name=\"form_type\" value=\"default\"><input type=\"hidden\" name=\"current_url\" value=\"https:\/\/www.b4legal.ch\/?page_id=539\"><input type=\"hidden\" name=\"render_id\" value=\"0\"><input type=\"hidden\" name=\"action\" value=\"forminator_submit_form_custom-forms\"><\/form><\/div>\n                <\/div>\n              <\/div>\n            <\/div>\n          <\/div>\n        <\/div>\n      <\/div>\n    <\/div>\n  <\/div>\n<\/div>","protected":false},"excerpt":{"rendered":"<p>Ma\u00eetre Anne-Rebecca Bula Pratique le m\u00e9tier d\u2019avocat depuis plus de dix huit ans dans les domaines du conseil et du contentieux\/judiciaire que ce soit pour les personnes physiques, les entreprises et les collectivit\u00e9s publiques. Domaines principaux d\u2019activit\u00e9s Exp\u00e9riences professionnelles Formations Publication Droit des contrats, y compris droit du bail \u00e0 ferme agricole Droit foncier et [&hellip;]<\/p>\n","protected":false},"author":1,"featured_media":0,"parent":0,"menu_order":0,"comment_status":"closed","ping_status":"closed","template":"page-templates\/full-width-page.php","meta":{"footnotes":""},"class_list":["post-539","page","type-page","status-publish","hentry"],"_links":{"self":[{"href":"https:\/\/www.b4legal.ch\/index.php?rest_route=\/wp\/v2\/pages\/539","targetHints":{"allow":["GET"]}}],"collection":[{"href":"https:\/\/www.b4legal.ch\/index.php?rest_route=\/wp\/v2\/pages"}],"about":[{"href":"https:\/\/www.b4legal.ch\/index.php?rest_route=\/wp\/v2\/types\/page"}],"author":[{"embeddable":true,"href":"https:\/\/www.b4legal.ch\/index.php?rest_route=\/wp\/v2\/users\/1"}],"replies":[{"embeddable":true,"href":"https:\/\/www.b4legal.ch\/index.php?rest_route=%2Fwp%2Fv2%2Fcomments&post=539"}],"version-history":[{"count":16,"href":"https:\/\/www.b4legal.ch\/index.php?rest_route=\/wp\/v2\/pages\/539\/revisions"}],"predecessor-version":[{"id":1022,"href":"https:\/\/www.b4legal.ch\/index.php?rest_route=\/wp\/v2\/pages\/539\/revisions\/1022"}],"wp:attachment":[{"href":"https:\/\/www.b4legal.ch\/index.php?rest_route=%2Fwp%2Fv2%2Fmedia&parent=539"}],"curies":[{"name":"wp","href":"https:\/\/api.w.org\/{rel}","templated":true}]}}